{"id":3,"date":"2009-08-20T14:18:50","date_gmt":"2009-08-20T17:18:50","guid":{"rendered":"http:\/\/localhost\/exalumnosale.org.py\/blog\/?page_id=3"},"modified":"2009-08-20T14:18:50","modified_gmt":"2009-08-20T17:18:50","slug":"nuestra-historia","status":"publish","type":"page","link":"http:\/\/exalumnosale.org.py\/blog\/?page_id=3","title":{"rendered":"Nuestra Historia"},"content":{"rendered":"<p>La fundaci\u00f3n del Centro, anteriormente denominado \u201cCentro Vista Alegre de Juventud Cat\u00f3lica\u201d, tuvo lugar el 26 de abril de 1926, aglutinando a personas que hab\u00edan integrado la Agrupaci\u00f3n Scout y el Oratorio Festivo.<\/p>\n<p>Posteriormente recibi\u00f3 el nombre de \u201cCentro Monse\u00f1or Bogar\u00edn de Ex -alumnos\/as de Don Bosco, Salesianito\u201d, y lo integran los ex -alumnos \/as del Colegio Salesianito y de la Escuela T\u00e9cnica, egresados o no, del Oratorio Festivo, grupo Scout del Batall\u00f3n Rojas Silva, y todas aquellas personas que de una u otra manera han recibido y aprendido las ense\u00f1anzas y vivencias de Don Bosco.<\/p>\n<p>A trav\u00e9s de diversas actividades el centro busca mantener una estrecha relaci\u00f3n y uni\u00f3n con miembros de la Congregaci\u00f3n y de las diferentes ramas que conforman la Gran Familia Salesiana.<\/p>\n<p>En su sede social, ubicada en Manuel Dom\u00ednguez 1167, funciona la secretar\u00eda. En el mismo predio se encuentra el Polideportivo, estadio cerrado con grader\u00edas para 500 personas, vestuario y pista para la pr\u00e1ctica de disciplinas deportivas como, f\u00fatbol de sal\u00f3n, f\u00fatbol 5, handbol, voleibol, b\u00e1squetbol, etc. Tambi\u00e9n all\u00ed se cuenta con un confortable quincho con capacidad para aproximadamente 100 personas.<\/p>\n<p>El Centro tiene como siglas \u201cCMB\u201d, y lleva como lema \u201cDios, Patria y Hogar\u201d<\/p>\n<p>El CMB forma parte de la Federaci\u00f3n Nacional de Ex \u2013alumnos de Don Bosco as\u00ed como de la Federaci\u00f3n Mundial.<\/p>\n","protected":false},"excerpt":{"rendered":"<p>La fundaci\u00f3n del Centro, anteriormente denominado \u201cCentro Vista Alegre de Juventud Cat\u00f3lica\u201d, tuvo lugar el 26 de abril de 1926, aglutinando a personas que hab\u00edan integrado la Agrupaci\u00f3n Scout y el Oratorio Festivo. Posteriormente recibi\u00f3 el nombre de \u201cCentro Monse\u00f1or Bogar\u00edn de Ex -alumnos\/as de Don Bosco, Salesianito\u201d, y lo integran los ex -alumnos \/as [&hellip;]<\/p>\n","protected":false},"author":1,"featured_media":0,"parent":0,"menu_order":0,"comment_status":"open","ping_status":"open","template":"","meta":[],"_links":{"self":[{"href":"http:\/\/exalumnosale.org.py\/blog\/index.php?rest_route=\/wp\/v2\/pages\/3"}],"collection":[{"href":"http:\/\/exalumnosale.org.py\/blog\/index.php?rest_route=\/wp\/v2\/pages"}],"about":[{"href":"http:\/\/exalumnosale.org.py\/blog\/index.php?rest_route=\/wp\/v2\/types\/page"}],"author":[{"embeddable":true,"href":"http:\/\/exalumnosale.org.py\/blog\/index.php?rest_route=\/wp\/v2\/users\/1"}],"replies":[{"embeddable":true,"href":"http:\/\/exalumnosale.org.py\/blog\/index.php?rest_route=%2Fwp%2Fv2%2Fcomments&post=3"}],"version-history":[{"count":1,"href":"http:\/\/exalumnosale.org.py\/blog\/index.php?rest_route=\/wp\/v2\/pages\/3\/revisions"}],"predecessor-version":[{"id":4,"href":"http:\/\/exalumnosale.org.py\/blog\/index.php?rest_route=\/wp\/v2\/pages\/3\/revisions\/4"}],"wp:attachment":[{"href":"http:\/\/exalumnosale.org.py\/blog\/index.php?rest_route=%2Fwp%2Fv2%2Fmedia&parent=3"}],"curies":[{"name":"wp","href":"https:\/\/api.w.org\/{rel}","templated":true}]}}