{"id":31,"date":"2009-08-20T14:38:18","date_gmt":"2009-08-20T17:38:18","guid":{"rendered":"http:\/\/localhost\/exalumnosale.org.py\/blog\/?page_id=31"},"modified":"2009-08-20T14:38:18","modified_gmt":"2009-08-20T17:38:18","slug":"salesianos-en-paraguay","status":"publish","type":"page","link":"http:\/\/exalumnosale.org.py\/blog\/?page_id=31","title":{"rendered":"Salesianos en Paraguay"},"content":{"rendered":"<h4>Introducci\u00f3n<\/h4>\n<p>La Obra de Don Bosco se inici\u00f3 en el Paraguay a fines del siglo XIX con la llegada de los cuatro primeros Salesianos el 23 de julio de 1896, procedentes de Montevideo, Uruguay.<\/p>\n<p>Inmediatamente los Salesianos pusieron en funcionamiento la primera obra. En marzo de 1897 el Padre Ambrosio Turricia inicia la escuela de artes y oficios. Con algunos percances en los primeros a\u00f1os, desde entonces funciona el Colegio Monse\u00f1or Lasagna, casa madre de los Salesianos en el Paraguay.<\/p>\n<p>Los primeros alumnos de la Escuela fueron An\u00edbal Mena Porta, luego arzobispo de Asunci\u00f3n, Emilio Sosa Gaona, primer Salesiano paraguayo y obispo de Concepci\u00f3n, Ernesto P\u00e9rez Acosta, m\u00e1s tarde Salesiano y gran Capell\u00e1n en las contiendas chaque\u00f1as contra Bolivia, Modesto Guggiari, m\u00e1s tarde Ministro del Interior, Jos\u00e9 Bozzano, luego Ministro de Guerra y otros m\u00e1s.<\/p>\n<p>En el mes de setiembre del a\u00f1o 1898, los Salesianos organizan la primera peregrinaci\u00f3n a Caacup\u00e9, centro de la devoci\u00f3n mariana del pa\u00eds, contando con la entusiasta adhesi\u00f3n de los primeros exalumnos.<\/p>\n<h4>Centro Juan Bosco<\/h4>\n<p align=\"left\">El 19 de marzo de 1909, a escasos 15 a\u00f1os de la llegada de los Salesianos a nuestro pa\u00eds, fue fundado el Primer Centro de Exalumnos del Paraguay, el cual m\u00e1s tarde ser\u00eda denominado \u00abCentro Juan Bosco de los Exalumnos\/as de Don Bosco\u00bb, existente hasta la fecha.<\/p>\n<p align=\"left\">El Padre Domingo Queirolo, en su profundo deseo de responder a todas las necesidades y ofrecer continuidad a sus exalumnos, a m\u00e1s de su preocupaci\u00f3n por el avance de las ideas anticlericales de la \u00e9poca, el 14 de marzo mantiene una conversaci\u00f3n informal con algunos de ellos, en una reuni\u00f3n en su despacho. Todos se mostraron complacidos por la idea y deciden convocar una reuni\u00f3n fundacional en la ma\u00f1ana del 19 de marzo.<\/p>\n<p align=\"left\">La primera intenci\u00f3n al constituir este Centro no era la de limitarse a los exalumnos del Colegio Monse\u00f1or Lasagna, sino reunir a todos los j\u00f3venes cat\u00f3licos que desearen encontrarse con otros que tuvieran sus mismos ideales.<\/p>\n<p>El primer presidente del Centro fue el joven exalumno Antonio Tavarozzi, luego sacerdote salesiano.<\/p>\n<h4>Otros Centros de Exalumnos<\/h4>\n<p>El Centro Don Bosco. Fue el segundo Centro de exalumnos fundado en el Instituto Salesiano San Jos\u00e9 de la ciudad de Concepci\u00f3n. Su fecha de fundaci\u00f3n es el 16 de junio de 1918.<\/p>\n<p>De m\u00e1s reciente creaci\u00f3n son los siguientes Centros:<\/p>\n<ul>\n<li>Centro Pa\u00ed P\u00e9rez, de los exalumnos\/as del Colegio Don Bosco de Villarrica.<\/li>\n<\/ul>\n<ul>\n<li>Centro Pa\u00ed Pinto, del Instituto Agropecuario Salesiano Carlos Pfannl, de Coronel Oviedo.<\/li>\n<\/ul>\n<ul>\n<li>Centro Domingo Savio, de los exalumnos del Aspirantado Salesiano.<\/li>\n<\/ul>\n<ul>\n<li>Centro Padre Marcelino Medina, de los exalumnos residentes en la ciudad de Pedro Juan Caballero.<\/li>\n<\/ul>\n<ul>\n<li>Centro Padre Arnaldo L\u00e9vera, de los exalumnos del Alto Paran\u00e1.<\/li>\n<\/ul>\n<ul>\n<li>Centro Ilda Ch\u00e1vez, de los exalaumnos de la Escuela Salesiana Santa Ana, de la Parroquia domingo Savio, Fdo. de la Mora.<\/li>\n<\/ul>\n<h4>Federaci\u00f3n Paraguaya<\/h4>\n<p>El d\u00eda 28 de octubre de 1949 fue fundada la entidad Asociaci\u00f3n de Exalumnos Salesianos del Paraguay, que hoy es la Federaci\u00f3n Paraguaya de Exalumnos\/as de Don Bosco. Su primer presidente fue el Doctor Carlos Antonio Mers\u00e1n, que vive.<\/p>\n<p>Otro sobreviviente de aquella primera comisi\u00f3n directiva es don Carlos Demestri, que se desempe\u00f1\u00f3 como tesorero.<\/p>\n<h4>Realizaciones m\u00e1s importantes<\/h4>\n<p>A lo largo de estos casi 100 a\u00f1os de la organizaci\u00f3n de los exalumnos salesianos del Paraguay, los exalumnos han realizado diversos tipos de emprendimientos en distintas \u00e9pocas y lugares. Por eso al enumerarlos se corre el riesgo de cometer injustas omisiones. Hecha esta salvedad, podemos se\u00f1alar las siguientes actividades y eventos:<\/p>\n<ul>\n<li>Atenci\u00f3n de Oratorios festivos.<\/li>\n<li>Alfabetizaci\u00f3n de adultos.<\/li>\n<li>Bachillerato T\u00e9cnico.<\/li>\n<li>Escuela de Artes y Oficios.<\/li>\n<li>Asistencia carcelaria a menores.<\/li>\n<li>Cooperativa.<\/li>\n<li>Banco de trabajo, capacitaci\u00f3n y empleo.<\/li>\n<li>Publicaciones.<\/li>\n<li>Organizaci\u00f3n y realizaci\u00f3n del Congrelat-Paraguay &#8217;95, en forma conjunta con las exalumnas de Mar\u00eda Auxiliadora.<\/li>\n<li>Eventos art\u00edsticos musicales.<\/li>\n<\/ul>\n<p>Desde abril del 2004 un exalumno paraguayo, Diego Genes , forma parte de la Presidencia de la Confederaci\u00f3n Mundial de Exalumnos de Don Bosco, como miembro del Consejo.<\/p>\n","protected":false},"excerpt":{"rendered":"<p>Introducci\u00f3n La Obra de Don Bosco se inici\u00f3 en el Paraguay a fines del siglo XIX con la llegada de los cuatro primeros Salesianos el 23 de julio de 1896, procedentes de Montevideo, Uruguay. Inmediatamente los Salesianos pusieron en funcionamiento la primera obra. En marzo de 1897 el Padre Ambrosio Turricia inicia la escuela de [&hellip;]<\/p>\n","protected":false},"author":1,"featured_media":0,"parent":0,"menu_order":0,"comment_status":"open","ping_status":"open","template":"","meta":[],"_links":{"self":[{"href":"http:\/\/exalumnosale.org.py\/blog\/index.php?rest_route=\/wp\/v2\/pages\/31"}],"collection":[{"href":"http:\/\/exalumnosale.org.py\/blog\/index.php?rest_route=\/wp\/v2\/pages"}],"about":[{"href":"http:\/\/exalumnosale.org.py\/blog\/index.php?rest_route=\/wp\/v2\/types\/page"}],"author":[{"embeddable":true,"href":"http:\/\/exalumnosale.org.py\/blog\/index.php?rest_route=\/wp\/v2\/users\/1"}],"replies":[{"embeddable":true,"href":"http:\/\/exalumnosale.org.py\/blog\/index.php?rest_route=%2Fwp%2Fv2%2Fcomments&post=31"}],"version-history":[{"count":2,"href":"http:\/\/exalumnosale.org.py\/blog\/index.php?rest_route=\/wp\/v2\/pages\/31\/revisions"}],"predecessor-version":[{"id":33,"href":"http:\/\/exalumnosale.org.py\/blog\/index.php?rest_route=\/wp\/v2\/pages\/31\/revisions\/33"}],"wp:attachment":[{"href":"http:\/\/exalumnosale.org.py\/blog\/index.php?rest_route=%2Fwp%2Fv2%2Fmedia&parent=31"}],"curies":[{"name":"wp","href":"https:\/\/api.w.org\/{rel}","templated":true}]}}