{"id":5,"date":"2009-08-20T14:19:24","date_gmt":"2009-08-20T17:19:24","guid":{"rendered":"http:\/\/localhost\/exalumnosale.org.py\/blog\/?page_id=5"},"modified":"2009-08-20T14:19:24","modified_gmt":"2009-08-20T17:19:24","slug":"nuestros-objetivos","status":"publish","type":"page","link":"http:\/\/exalumnosale.org.py\/blog\/?page_id=5","title":{"rendered":"Nuestros Objetivos"},"content":{"rendered":"<p>Conservar, profundizar, defender y promocionar los valores inherentes a la dignidad de la persona humana y el respaldo a la familia, dando continuidad a los principios educativos salesianos.<\/p>\n<p>Estrechar los v\u00ednculos de uni\u00f3n y fraternidad entre los ex -alumnos\/as salesianos, especialmente entre los del Salesianito, realizando todo tipo de actividades, cultural, religiosa, deportiva, social, que tienda al acercamiento, la promoci\u00f3n y elevaci\u00f3n de los mismos, permaneciendo fiel al esp\u00edritu de Don Bosco.<\/p>\n<p>Mantener estrecha relaci\u00f3n y uni\u00f3n con miembros de la Congregaci\u00f3n y de las diferentes ramas que conforman la Gran Familia Salesiana<\/p>\n<p>Formar parte de la Federaci\u00f3n de ex \u2013alumnos de Don Bosco, cuyos Estatutos y Principios deben ser respetados y cumplidos.<\/p>\n","protected":false},"excerpt":{"rendered":"<p>Conservar, profundizar, defender y promocionar los valores inherentes a la dignidad de la persona humana y el respaldo a la familia, dando continuidad a los principios educativos salesianos. Estrechar los v\u00ednculos de uni\u00f3n y fraternidad entre los ex -alumnos\/as salesianos, especialmente entre los del Salesianito, realizando todo tipo de actividades, cultural, religiosa, deportiva, social, que [&hellip;]<\/p>\n","protected":false},"author":1,"featured_media":0,"parent":0,"menu_order":0,"comment_status":"open","ping_status":"open","template":"","meta":[],"_links":{"self":[{"href":"http:\/\/exalumnosale.org.py\/blog\/index.php?rest_route=\/wp\/v2\/pages\/5"}],"collection":[{"href":"http:\/\/exalumnosale.org.py\/blog\/index.php?rest_route=\/wp\/v2\/pages"}],"about":[{"href":"http:\/\/exalumnosale.org.py\/blog\/index.php?rest_route=\/wp\/v2\/types\/page"}],"author":[{"embeddable":true,"href":"http:\/\/exalumnosale.org.py\/blog\/index.php?rest_route=\/wp\/v2\/users\/1"}],"replies":[{"embeddable":true,"href":"http:\/\/exalumnosale.org.py\/blog\/index.php?rest_route=%2Fwp%2Fv2%2Fcomments&post=5"}],"version-history":[{"count":1,"href":"http:\/\/exalumnosale.org.py\/blog\/index.php?rest_route=\/wp\/v2\/pages\/5\/revisions"}],"predecessor-version":[{"id":6,"href":"http:\/\/exalumnosale.org.py\/blog\/index.php?rest_route=\/wp\/v2\/pages\/5\/revisions\/6"}],"wp:attachment":[{"href":"http:\/\/exalumnosale.org.py\/blog\/index.php?rest_route=%2Fwp%2Fv2%2Fmedia&parent=5"}],"curies":[{"name":"wp","href":"https:\/\/api.w.org\/{rel}","templated":true}]}}