{"id":11,"date":"2009-08-20T14:23:47","date_gmt":"2009-08-20T17:23:47","guid":{"rendered":"http:\/\/localhost\/exalumnosale.org.py\/blog\/?page_id=11"},"modified":"2009-08-20T14:24:21","modified_gmt":"2009-08-20T17:24:21","slug":"futbol-de-campo","status":"publish","type":"page","link":"https:\/\/exalumnosale.org.py\/blog\/?page_id=11","title":{"rendered":"F\u00fatbol de Campo"},"content":{"rendered":"<p>Est\u00e1 en marcha el torneo 2009<\/p>\n<p>Se encuentra en plena disputa nuevamente nuestro ya tradicional torneo de f\u00fatbol de campo. Del mismo participan este a\u00f1o un total de 29 equipos distribuidos en 2 series. En la primera categor\u00eda que es la Serie A como siempre hay 12 equipos y en la Serie B 17.<br \/>\nLos Partidos se juegan en la cancha de Sub-Oficiales de las F.F.A.A., los s\u00e1bados y domingos.<\/p>\n","protected":false},"excerpt":{"rendered":"<p>Est\u00e1 en marcha el torneo 2009 Se encuentra en plena disputa nuevamente nuestro ya tradicional torneo de f\u00fatbol de campo. Del mismo participan este a\u00f1o un total de 29 equipos distribuidos en 2 series. En la primera categor\u00eda que es la Serie A como siempre hay 12 equipos y en la Serie B 17. Los [&hellip;]<\/p>\n","protected":false},"author":1,"featured_media":0,"parent":13,"menu_order":0,"comment_status":"open","ping_status":"open","template":"","meta":[],"_links":{"self":[{"href":"https:\/\/exalumnosale.org.py\/blog\/index.php?rest_route=\/wp\/v2\/pages\/11"}],"collection":[{"href":"https:\/\/exalumnosale.org.py\/blog\/index.php?rest_route=\/wp\/v2\/pages"}],"about":[{"href":"https:\/\/exalumnosale.org.py\/blog\/index.php?rest_route=\/wp\/v2\/types\/page"}],"author":[{"embeddable":true,"href":"https:\/\/exalumnosale.org.py\/blog\/index.php?rest_route=\/wp\/v2\/users\/1"}],"replies":[{"embeddable":true,"href":"https:\/\/exalumnosale.org.py\/blog\/index.php?rest_route=%2Fwp%2Fv2%2Fcomments&post=11"}],"version-history":[{"count":2,"href":"https:\/\/exalumnosale.org.py\/blog\/index.php?rest_route=\/wp\/v2\/pages\/11\/revisions"}],"predecessor-version":[{"id":15,"href":"https:\/\/exalumnosale.org.py\/blog\/index.php?rest_route=\/wp\/v2\/pages\/11\/revisions\/15"}],"up":[{"embeddable":true,"href":"https:\/\/exalumnosale.org.py\/blog\/index.php?rest_route=\/wp\/v2\/pages\/13"}],"wp:attachment":[{"href":"https:\/\/exalumnosale.org.py\/blog\/index.php?rest_route=%2Fwp%2Fv2%2Fmedia&parent=11"}],"curies":[{"name":"wp","href":"https:\/\/api.w.org\/{rel}","templated":true}]}}