{"id":18,"date":"2009-08-20T14:25:07","date_gmt":"2009-08-20T17:25:07","guid":{"rendered":"http:\/\/localhost\/exalumnosale.org.py\/blog\/?page_id=18"},"modified":"2009-08-20T14:25:07","modified_gmt":"2009-08-20T17:25:07","slug":"penales-y-futbol-tenis","status":"publish","type":"page","link":"https:\/\/exalumnosale.org.py\/blog\/?page_id=18","title":{"rendered":"Penales y F\u00fatbol Tenis"},"content":{"rendered":"<p>En breve estaremos informando sobre la nueva fecha en que  <strong><\/strong> se realizar\u00e1n los Torneos de Penales y de F\u00fatbol Tenis (Pikivoley) en la cancha de suboficiales. Por razones de organizaci\u00f3n y debido a jornadas suspendidas por inclemencias del tiempo se fijar\u00e1 una nueva fecha para dichos torneos. Pedimos las disculpas del caso a todos.<\/p>\n<p>La inscripcion sera de Gs. 30.000 por pareja para cada Torneo.<\/p>\n<p>Interesantes premios estar\u00e1n en disputa en ambos torneos. Pedmios a todos aquellos interesados que por favor vayan anot\u00e1ndose a trav\u00e9s de la secretar\u00eda del Centro llamando al 204 144 de 15:00 a 19:00.<\/p>\n<p>Con esto queremos ir sumando cosas positivas para todos nuestros asociados e ir estrechando los vinculos de amistad entre todos. Nos vemos.<\/p>\n","protected":false},"excerpt":{"rendered":"<p>En breve estaremos informando sobre la nueva fecha en que se realizar\u00e1n los Torneos de Penales y de F\u00fatbol Tenis (Pikivoley) en la cancha de suboficiales. Por razones de organizaci\u00f3n y debido a jornadas suspendidas por inclemencias del tiempo se fijar\u00e1 una nueva fecha para dichos torneos. Pedimos las disculpas del caso a todos. La [&hellip;]<\/p>\n","protected":false},"author":1,"featured_media":0,"parent":13,"menu_order":0,"comment_status":"open","ping_status":"open","template":"","meta":[],"_links":{"self":[{"href":"https:\/\/exalumnosale.org.py\/blog\/index.php?rest_route=\/wp\/v2\/pages\/18"}],"collection":[{"href":"https:\/\/exalumnosale.org.py\/blog\/index.php?rest_route=\/wp\/v2\/pages"}],"about":[{"href":"https:\/\/exalumnosale.org.py\/blog\/index.php?rest_route=\/wp\/v2\/types\/page"}],"author":[{"embeddable":true,"href":"https:\/\/exalumnosale.org.py\/blog\/index.php?rest_route=\/wp\/v2\/users\/1"}],"replies":[{"embeddable":true,"href":"https:\/\/exalumnosale.org.py\/blog\/index.php?rest_route=%2Fwp%2Fv2%2Fcomments&post=18"}],"version-history":[{"count":1,"href":"https:\/\/exalumnosale.org.py\/blog\/index.php?rest_route=\/wp\/v2\/pages\/18\/revisions"}],"predecessor-version":[{"id":19,"href":"https:\/\/exalumnosale.org.py\/blog\/index.php?rest_route=\/wp\/v2\/pages\/18\/revisions\/19"}],"up":[{"embeddable":true,"href":"https:\/\/exalumnosale.org.py\/blog\/index.php?rest_route=\/wp\/v2\/pages\/13"}],"wp:attachment":[{"href":"https:\/\/exalumnosale.org.py\/blog\/index.php?rest_route=%2Fwp%2Fv2%2Fmedia&parent=18"}],"curies":[{"name":"wp","href":"https:\/\/api.w.org\/{rel}","templated":true}]}}