{"id":26,"date":"2009-08-20T14:30:36","date_gmt":"2009-08-20T17:30:36","guid":{"rendered":"http:\/\/localhost\/exalumnosale.org.py\/blog\/?page_id=26"},"modified":"2009-08-20T14:30:36","modified_gmt":"2009-08-20T17:30:36","slug":"convenios","status":"publish","type":"page","link":"https:\/\/exalumnosale.org.py\/blog\/?page_id=26","title":{"rendered":"Convenios"},"content":{"rendered":"<h3>Ahora con tu carnet de exalumno ten\u00e9s descuentos en todos estos comercios y servicios.<\/h3>\n<table border=\"0\" cellspacing=\"0\" cellpadding=\"0\" width=\"720\" align=\"center\" background=\"imagenes\/fondo_gris.jpg\">\n<tbody>\n<tr>\n<td><\/td>\n<td colspan=\"3\" valign=\"top\">\n<table style=\"height: 55px;\" border=\"0\" cellspacing=\"0\" cellpadding=\"0\" width=\"513\">\n<tbody>\n<tr>\n<td colspan=\"3\" valign=\"top\"><\/td>\n<\/tr>\n<tr>\n<td width=\"132\"><\/td>\n<td width=\"21\"><\/td>\n<td height=\"20\"><\/td>\n<\/tr>\n<tr>\n<td width=\"132\" valign=\"top\" bgcolor=\"#ffffff\">\n<div><img decoding=\"async\" loading=\"lazy\" src=\"http:\/\/www.exalumnosale.org.py\/imagenes\/logos_convenio\/la_bomba.jpg\" alt=\"\" width=\"73\" height=\"60\" \/><\/div>\n<\/td>\n<td width=\"21\"><\/td>\n<td height=\"20\"><strong>Supermercados La Bomba. <\/strong>Doble cup\u00f3n en sorteos y un postre de gentileza en el patio de comidas. Av. Fernando de la Mora 2112. Tel: 55 93 47.<\/td>\n<\/tr>\n<tr>\n<td><\/td>\n<td><\/td>\n<td height=\"20\"><\/td>\n<\/tr>\n<tr>\n<td valign=\"top\"><img decoding=\"async\" loading=\"lazy\" src=\"http:\/\/www.exalumnosale.org.py\/imagenes\/logos_convenio\/luigis.jpg\" alt=\"\" width=\"132\" height=\"60\" \/><\/td>\n<td><\/td>\n<td height=\"20\"><strong>Luigi&#8217;s Pizzer\u00eda &amp; Confiter\u00eda.<\/strong> 5% de descuento al contado. Incluye entrega a domicilio. Gral. Santos y Tte. Garay. Tel: 300 973\/4.<\/td>\n<\/tr>\n<tr>\n<td><\/td>\n<td><\/td>\n<td height=\"20\"><\/td>\n<\/tr>\n<tr>\n<td valign=\"top\" bgcolor=\"#ffffff\">\n<div><img decoding=\"async\" loading=\"lazy\" src=\"http:\/\/www.exalumnosale.org.py\/imagenes\/logos_convenio\/villa_elisa.jpg\" alt=\"\" width=\"71\" height=\"60\" \/><\/div>\n<\/td>\n<td><\/td>\n<td height=\"20\"><strong>Agua Mineral Villa Elisa. <\/strong>10% de descuento al contado. Incluye entrega a domicilio. Tel: 944 600.<\/td>\n<\/tr>\n<tr>\n<td><\/td>\n<td><\/td>\n<td height=\"20\"><\/td>\n<\/tr>\n<tr>\n<td height=\"60\" valign=\"middle\" bgcolor=\"#ffffff\">\n<div><img decoding=\"async\" loading=\"lazy\" src=\"http:\/\/www.exalumnosale.org.py\/imagenes\/logos_convenio\/herimarc.jpg\" alt=\"\" width=\"120\" height=\"30\" \/><\/div>\n<\/td>\n<td><\/td>\n<td height=\"20\"><strong>Herimarc<\/strong> <strong>Equipamientos.<\/strong> 15% de descuento en alarmas, polarizados, defensas, llantas y accesorios. 5% de descuento en audio. Eusebio Ayala 1366. Tel: 22 01 29.<\/td>\n<\/tr>\n<tr>\n<td><\/td>\n<td><\/td>\n<td height=\"20\"><\/td>\n<\/tr>\n<tr>\n<td height=\"60\" valign=\"middle\" bgcolor=\"#ffffff\">\n<div><img decoding=\"async\" loading=\"lazy\" src=\"http:\/\/www.exalumnosale.org.py\/imagenes\/logos_convenio\/saltarin.jpg\" alt=\"\" width=\"118\" height=\"60\" \/><\/div>\n<\/td>\n<td><\/td>\n<td height=\"20\"><strong>Saltar\u00edn Rojo. <\/strong>Confecci\u00f3n: 5% de descuento por cada remera. 10% de descuento al contado en otros art\u00edculos. San Mart\u00edn e\/ Lilio y Tte. Vera. Tel: 600 955.<\/td>\n<\/tr>\n<tr>\n<td><\/td>\n<td><\/td>\n<td height=\"20\"><\/td>\n<\/tr>\n<tr>\n<td height=\"60\" valign=\"middle\" bgcolor=\"#97453a\">\n<div><img decoding=\"async\" loading=\"lazy\" src=\"http:\/\/www.exalumnosale.org.py\/imagenes\/logos_convenio\/kure_dumas.jpg\" alt=\"\" width=\"100\" height=\"49\" \/><\/div>\n<\/td>\n<td><\/td>\n<td height=\"20\"><strong>Kure Dumas. <\/strong>10% de desuento al contado. Incluye entrega a domicilio. Teodoro S. Mongel\u00f3s 3662 c\/ Gaudioso Nu\u00f1ez. Tel: 22 46 76.<\/td>\n<\/tr>\n<tr>\n<td><\/td>\n<td><\/td>\n<td height=\"20\"><\/td>\n<\/tr>\n<tr>\n<td height=\"60\" valign=\"middle\" bgcolor=\"#ffffff\">\n<div><img decoding=\"async\" loading=\"lazy\" src=\"http:\/\/www.exalumnosale.org.py\/imagenes\/logos_convenio\/alnani.jpg\" alt=\"\" width=\"100\" height=\"45\" \/><\/div>\n<\/td>\n<td><\/td>\n<td height=\"20\"><strong>Alnani. Telefon\u00eda, Inform\u00e1tica y Electr\u00f3nica.<\/strong> 40% de descuento en servicios t\u00e9cnicos. Precios especiales en computadoras y Notebooks. Per\u00fa 332 c\/ Mcal Estigariibia. Tel: 224 179.<\/td>\n<\/tr>\n<tr>\n<td><\/td>\n<td><\/td>\n<td height=\"20\"><\/td>\n<\/tr>\n<tr>\n<td height=\"60\" valign=\"middle\" bgcolor=\"#ffffff\">\n<div><img decoding=\"async\" loading=\"lazy\" src=\"http:\/\/www.exalumnosale.org.py\/imagenes\/logos_convenio\/dorados.jpg\" alt=\"\" width=\"120\" height=\"37\" \/><\/div>\n<\/td>\n<td><\/td>\n<td height=\"20\"><strong>Dorados. Inmobiliaria y Negocios. <\/strong>10% de descuento al contado. 25 de Mayo 3493 c\/ Cnel. Franco. Tel: 23 22 99.<\/td>\n<\/tr>\n<tr>\n<td><\/td>\n<td><\/td>\n<td height=\"20\"><\/td>\n<\/tr>\n<tr>\n<td height=\"60\" valign=\"middle\" bgcolor=\"#ffffff\">\n<div><img decoding=\"async\" loading=\"lazy\" src=\"http:\/\/www.exalumnosale.org.py\/imagenes\/logos_convenio\/esperanza.jpg\" alt=\"\" width=\"120\" height=\"38\" \/><\/div>\n<\/td>\n<td><\/td>\n<td height=\"20\"><strong>Puerto Esperanza S.A. Dep\u00f3sito de materiales y ferreter\u00eda. <\/strong>Precios especiales para asociados. Av. Gral. Santos 2592 e\/ 24 de Mayo. Tel: 333 382.<\/td>\n<\/tr>\n<tr>\n<td><\/td>\n<td><\/td>\n<td height=\"20\"><\/td>\n<\/tr>\n<tr>\n<td height=\"60\" valign=\"middle\" bgcolor=\"#ffffff\">\n<div><img decoding=\"async\" loading=\"lazy\" src=\"http:\/\/www.exalumnosale.org.py\/imagenes\/logos_convenio\/stefens.jpg\" alt=\"\" width=\"100\" height=\"60\" \/><\/div>\n<\/td>\n<td><\/td>\n<td height=\"20\"><strong>Carmen Steffens. <\/strong>5% de descuento al contado. Shopping del Sol. Local 133. Tel: 611 769.<\/td>\n<\/tr>\n<tr>\n<td><\/td>\n<td><\/td>\n<td height=\"20\"><\/td>\n<\/tr>\n<tr>\n<td height=\"60\" valign=\"middle\" bgcolor=\"#ffffff\">\n<div><img decoding=\"async\" loading=\"lazy\" src=\"http:\/\/www.exalumnosale.org.py\/imagenes\/logos_convenio\/village.jpg\" alt=\"\" width=\"76\" height=\"60\" \/><\/div>\n<\/td>\n<td><\/td>\n<td height=\"20\"><strong>Village del Sol. <\/strong>10% de descuento al contado. Shopping del Sol. Local 234. Tel: 0982 114500.<\/td>\n<\/tr>\n<tr>\n<td><\/td>\n<td><\/td>\n<td height=\"20\"><\/td>\n<\/tr>\n<tr>\n<td height=\"60\" valign=\"middle\" bgcolor=\"#fff500\">\n<div><img decoding=\"async\" loading=\"lazy\" src=\"http:\/\/www.exalumnosale.org.py\/imagenes\/logos_convenio\/ferrari_cel.jpg\" alt=\"\" width=\"80\" height=\"40\" \/><\/div>\n<\/td>\n<td><\/td>\n<td height=\"20\"><strong>Ferrari Cell. Celulares y accesorios.<\/strong> Precios especiales a asociados. Estrella y 15 de Agosto. Galer\u00eda Central. Local 18. Tel: 496 125.<\/td>\n<\/tr>\n<tr>\n<td><\/td>\n<td><\/td>\n<td height=\"20\"><\/td>\n<\/tr>\n<tr>\n<td height=\"60\" valign=\"middle\" bgcolor=\"#ffffff\">\n<div><img decoding=\"async\" loading=\"lazy\" src=\"http:\/\/www.exalumnosale.org.py\/imagenes\/logos_convenio\/automundo.jpg\" alt=\"\" width=\"114\" height=\"60\" \/><\/div>\n<\/td>\n<td><\/td>\n<td height=\"20\"><strong>Automundo Repuestos y Accesorios. <\/strong>25% de descuento al contado. Eusebio Ayala 2385. Tel: 227 046.<\/td>\n<\/tr>\n<tr>\n<td><\/td>\n<td><\/td>\n<td height=\"20\"><\/td>\n<\/tr>\n<tr>\n<td height=\"60\" valign=\"middle\">\n<div><img decoding=\"async\" loading=\"lazy\" src=\"http:\/\/www.exalumnosale.org.py\/imagenes\/logos_convenio\/faces.jpg\" alt=\"\" width=\"117\" height=\"60\" \/><\/div>\n<\/td>\n<td><\/td>\n<td height=\"20\"><strong>Face&#8217;s Pub. <\/strong>Jueves entrada gratuita y precio de socio en eventos. Mcal. L\u00f3pez 2585. Tel: 672 768.<\/td>\n<\/tr>\n<tr>\n<td><\/td>\n<td><\/td>\n<td height=\"20\"><\/td>\n<\/tr>\n<tr>\n<td height=\"60\" valign=\"middle\"><\/td>\n<td><\/td>\n<td height=\"20\"><strong>Supermercado Marimex<\/strong>. Precio mayorista desde 1 unidad. Mercado de Abasto Bloque D. Locales 5 y 6. Tel: 507 203 &#8211; 510 350.<\/td>\n<\/tr>\n<tr>\n<td><\/td>\n<td><\/td>\n<td height=\"20\"><\/td>\n<\/tr>\n<tr>\n<td height=\"60\" valign=\"middle\" bgcolor=\"#1d5d45\">\n<div><img decoding=\"async\" loading=\"lazy\" src=\"http:\/\/www.exalumnosale.org.py\/imagenes\/logos_convenio\/virtualegis.jpg\" alt=\"\" width=\"120\" height=\"41\" \/><\/div>\n<\/td>\n<td><\/td>\n<td height=\"20\"><strong>Virtualegis<\/strong>. <strong>Asesor\u00eda Jur\u00eddica y Contable<\/strong>. Precios especiales para asociados. Mayor Bullo 315 c\/ Mcal. Estigarribia. Tel: 229 412.<\/td>\n<\/tr>\n<tr>\n<td><\/td>\n<td><\/td>\n<td height=\"20\"><\/td>\n<\/tr>\n<tr>\n<td height=\"60\" valign=\"middle\"><\/td>\n<td><\/td>\n<td height=\"20\"><strong>L\u00e1teos Do\u00f1a Angela <\/strong>. Precio mayorista desde 1 unidad en todos los locales. Tel: 600 130.<\/td>\n<\/tr>\n<tr>\n<td><\/td>\n<td><\/td>\n<td height=\"20\"><\/td>\n<\/tr>\n<tr>\n<td height=\"60\" valign=\"middle\">\n<div><img decoding=\"async\" loading=\"lazy\" src=\"http:\/\/www.exalumnosale.org.py\/imagenes\/logos_convenio\/cines_del_sol.jpg\" alt=\"\" width=\"120\" height=\"63\" \/><\/div>\n<\/td>\n<td><\/td>\n<td height=\"20\"><strong>Cines del Sol. <\/strong>50% de descuento en entradas. V\u00e1lido todos los d\u00edas, incluyendo fines de semanas en todos los horarios. Entradas en venta en la secretar\u00eda del centro. Shopping del Sol. Tel: 611 763 &#8211; 204 144(secretar\u00eda del centro).<\/td>\n<\/tr>\n<tr>\n<td><\/td>\n<td><\/td>\n<td height=\"20\"><\/td>\n<\/tr>\n<tr>\n<td height=\"60\" valign=\"middle\"><\/td>\n<td><\/td>\n<td height=\"20\"><strong>Autorrepuestos Fortuna. <\/strong>Repuestos para Chevrolet: 25% de descuento al contado. Dr. Paiva 2298. Tel: 480 781.<\/td>\n<\/tr>\n<tr>\n<td><\/td>\n<td><\/td>\n<td height=\"20\"><\/td>\n<\/tr>\n<tr>\n<td height=\"60\" valign=\"middle\" bgcolor=\"#039800\">\n<div><img decoding=\"async\" loading=\"lazy\" src=\"http:\/\/www.exalumnosale.org.py\/imagenes\/logos_convenio\/sport_cesped.jpg\" alt=\"\" width=\"82\" height=\"60\" \/><\/div>\n<\/td>\n<td><\/td>\n<td height=\"20\"><strong>Sport C\u00e9sped y Complejos Adheridos. Canchas de c\u00e9sped sint\u00e9tico<\/strong>. 10% de descuento al contado. Lilio c\/ Legi\u00f3n Civil Extranjera. Tel: 602 115.<\/td>\n<\/tr>\n<tr>\n<td><\/td>\n<td><\/td>\n<td height=\"20\"><\/td>\n<\/tr>\n<tr>\n<td height=\"60\" valign=\"middle\"><\/td>\n<td><\/td>\n<td height=\"20\"><strong>Carlos Rol\u00f3n. Transporte de ganado. Venta de autos de Iquique. <\/strong>Precios especiales para asociados . Tel: 0981 432 352 &#8211; 0991 707 158.<\/td>\n<\/tr>\n<tr>\n<td><\/td>\n<td><\/td>\n<td height=\"20\"><\/td>\n<\/tr>\n<tr>\n<td height=\"60\" valign=\"middle\"><\/td>\n<td><\/td>\n<td height=\"20\"><strong>Centro de Odontolog\u00eda Integral. Dr. Luis Dur\u00e9 y Dr. Hernando Dur\u00e9<\/strong>. 40% de descuento sobre arancel del c\u00edrculo de odont\u00f3logos del Paraguay. Pa&#8217;\u00ed P\u00e9rez 779 c\/ Teodoro S. Mongel\u00f3s. Tel: 210 953.<\/td>\n<\/tr>\n<tr>\n<td><\/td>\n<td><\/td>\n<td height=\"20\"><\/td>\n<\/tr>\n<tr>\n<td height=\"60\" valign=\"middle\"><\/td>\n<td><\/td>\n<td height=\"20\"><strong>Cl\u00ednica Odontol\u00f3gica<\/strong>. Dr. Marco Ram\u00edrez y Dra. Roc\u00edo Ram\u00edrez. 40% de descuento sobre arancel del c\u00edrculo de odont\u00f3logos del Paraguay. Tel: 0983 379223.<\/td>\n<\/tr>\n<tr>\n<td><\/td>\n<td><\/td>\n<td height=\"20\"><\/td>\n<\/tr>\n<tr>\n<td height=\"60\" valign=\"middle\"><\/td>\n<td><\/td>\n<td height=\"20\"><strong>Vidrier\u00eda Casa Barrios<\/strong>. 10% de descuento al contado. Concordia 784. Tel: 204 130.<\/td>\n<\/tr>\n<tr>\n<td width=\"132\"><\/td>\n<td width=\"21\"><\/td>\n<td width=\"360\" height=\"20\"><\/td>\n<\/tr>\n<tr>\n<td width=\"132\" height=\"60\" valign=\"middle\"><\/td>\n<td width=\"21\"><\/td>\n<td height=\"20\"><strong>Lavadero de Veh\u00edculos C y G <\/strong>. 20% de descuento al contado. Profesor Samaniego y Presb\u00edtero Le\u00f3n. Tel: 0981 804809.<\/td>\n<\/tr>\n<\/tbody>\n<\/table>\n<\/td>\n<\/tr>\n<\/tbody>\n<\/table>\n","protected":false},"excerpt":{"rendered":"<p>Ahora con tu carnet de exalumno ten\u00e9s descuentos en todos estos comercios y servicios. Supermercados La Bomba. Doble cup\u00f3n en sorteos y un postre de gentileza en el patio de comidas. Av. Fernando de la Mora 2112. Tel: 55 93 47. Luigi&#8217;s Pizzer\u00eda &amp; Confiter\u00eda. 5% de descuento al contado. Incluye entrega a domicilio. Gral. [&hellip;]<\/p>\n","protected":false},"author":1,"featured_media":0,"parent":0,"menu_order":0,"comment_status":"open","ping_status":"open","template":"","meta":[],"_links":{"self":[{"href":"https:\/\/exalumnosale.org.py\/blog\/index.php?rest_route=\/wp\/v2\/pages\/26"}],"collection":[{"href":"https:\/\/exalumnosale.org.py\/blog\/index.php?rest_route=\/wp\/v2\/pages"}],"about":[{"href":"https:\/\/exalumnosale.org.py\/blog\/index.php?rest_route=\/wp\/v2\/types\/page"}],"author":[{"embeddable":true,"href":"https:\/\/exalumnosale.org.py\/blog\/index.php?rest_route=\/wp\/v2\/users\/1"}],"replies":[{"embeddable":true,"href":"https:\/\/exalumnosale.org.py\/blog\/index.php?rest_route=%2Fwp%2Fv2%2Fcomments&post=26"}],"version-history":[{"count":1,"href":"https:\/\/exalumnosale.org.py\/blog\/index.php?rest_route=\/wp\/v2\/pages\/26\/revisions"}],"predecessor-version":[{"id":27,"href":"https:\/\/exalumnosale.org.py\/blog\/index.php?rest_route=\/wp\/v2\/pages\/26\/revisions\/27"}],"wp:attachment":[{"href":"https:\/\/exalumnosale.org.py\/blog\/index.php?rest_route=%2Fwp%2Fv2%2Fmedia&parent=26"}],"curies":[{"name":"wp","href":"https:\/\/api.w.org\/{rel}","templated":true}]}}