{"id":7,"date":"2009-08-20T14:20:30","date_gmt":"2009-08-20T17:20:30","guid":{"rendered":"http:\/\/localhost\/exalumnosale.org.py\/blog\/?page_id=7"},"modified":"2009-08-20T14:23:18","modified_gmt":"2009-08-20T17:23:18","slug":"comision-directiva","status":"publish","type":"page","link":"https:\/\/exalumnosale.org.py\/blog\/?page_id=7","title":{"rendered":"Comisi\u00f3n Directiva"},"content":{"rendered":"<table border=\"0\" cellspacing=\"0\" cellpadding=\"0\" width=\"720\" align=\"center\" background=\"imagenes\/fondo_gris.jpg\">\n<tbody>\n<tr>\n<td><\/td>\n<td colspan=\"3\" valign=\"top\">\n<table style=\"height: 55px;\" border=\"0\" cellspacing=\"0\" cellpadding=\"0\" width=\"479\">\n<tbody>\n<tr>\n<td width=\"60\" valign=\"top\"><img decoding=\"async\" loading=\"lazy\" src=\"http:\/\/www.exalumnosale.org.py\/imagenes\/comision_2008-2010\/pablo_arce.jpg\" alt=\"\" width=\"60\" height=\"67\" \/><\/td>\n<td width=\"10\"><\/td>\n<td width=\"409\"><strong>Presidente:<\/strong> Pablo Daniel Arce Pereira. <strong>Promoci\u00f3n 1992.<\/strong> Encargado de la organizaci\u00f3n de los torneos de f\u00fatbol de campo y f\u00fatbol 5 en el per\u00edodo 2006-2008. Colabora de manera muy cercana en estas \u00e1reas desde el a\u00f1o 1995. Actualmente trabaja como asesor de ventas en Censu.<\/td>\n<\/tr>\n<tr>\n<td width=\"60\"><\/td>\n<td width=\"10\"><\/td>\n<td height=\"20\"><\/td>\n<\/tr>\n<tr>\n<td width=\"60\" valign=\"top\"><img decoding=\"async\" loading=\"lazy\" src=\"http:\/\/www.exalumnosale.org.py\/imagenes\/comision_2008-2010\/luis_rojas.jpg\" alt=\"\" width=\"60\" height=\"67\" \/><\/td>\n<td width=\"10\"><\/td>\n<td height=\"20\"><strong>Vice-Presidente 1\u00ba :<\/strong> Luis Epifanio Rojas Viedma. <strong>Promoci\u00f3n 1991.<\/strong> Actualemente trabaja en VISION S.A. DE FINANZAS E.C.A. como Administrador de Seguridad de Tecnolog\u00edas de la Informaci\u00f3n. Especialista en redes, CCNA (Cisco Certified Network Associate). Encargado de la implementaci\u00f3n de Telefon\u00eda IP y nueva red de Datos en Vision S.A. de Finanzas E.C.A. Participaci\u00f3n anual en Congresos Nacionales e Internacionales sobre Networking y Seguridad Inform\u00e1tica.<\/td>\n<\/tr>\n<tr>\n<td><\/td>\n<td><\/td>\n<td height=\"20\"><\/td>\n<\/tr>\n<tr>\n<td valign=\"top\"><img decoding=\"async\" loading=\"lazy\" src=\"http:\/\/www.exalumnosale.org.py\/imagenes\/comision_2008-2010\/esteban_duarte.jpg\" alt=\"\" width=\"60\" height=\"67\" \/><\/td>\n<td><\/td>\n<td height=\"20\"><strong>Vice-Presidente 2\u00ba:<\/strong> Esteban Luis Duarte Dom\u00ednguez. <strong>Promoci\u00f3n 2004.<\/strong> Estudiante de la Facultad de Derecho de la UNA &#8211; 4to a\u00f1o. Actualmente trabaja en el Estudio Jur\u00eddico Z. SAMUEL DRELICHMAN.<\/td>\n<\/tr>\n<tr>\n<td><\/td>\n<td><\/td>\n<td height=\"20\"><\/td>\n<\/tr>\n<tr>\n<td valign=\"top\"><img decoding=\"async\" loading=\"lazy\" src=\"http:\/\/www.exalumnosale.org.py\/imagenes\/comision_2008-2010\/padre_heyn.jpg\" alt=\"\" width=\"60\" height=\"67\" \/><\/td>\n<td><\/td>\n<td height=\"20\"><strong>Asesor:<\/strong> Padre Carlos Heyn.<\/td>\n<\/tr>\n<tr>\n<td><\/td>\n<td><\/td>\n<td height=\"20\"><\/td>\n<\/tr>\n<tr>\n<td valign=\"top\"><img decoding=\"async\" loading=\"lazy\" src=\"http:\/\/www.exalumnosale.org.py\/imagenes\/comision_2008-2010\/dani_bajac.jpg\" alt=\"\" width=\"60\" height=\"67\" \/><\/td>\n<td><\/td>\n<td height=\"20\"><strong>Secretario de actas:<\/strong> Cristian Daniel Bajac Quevedo. <strong>Promoci\u00f3n 1996.<\/strong> Ingeniero Inform\u00e1tico. Mejor egresado de la Universidad Americana, a\u00f1o 2002. MCP (Microsoft Certified Professional) Certificaci\u00f3n otorgada por la Microsoft. Actualmente trabaja en el Centro Educativo Los Laureles como encargado del \u00e1rea de Inform\u00e1tica y Servicios Generales.<\/td>\n<\/tr>\n<tr>\n<td><\/td>\n<td><\/td>\n<td height=\"20\"><\/td>\n<\/tr>\n<tr>\n<td valign=\"top\"><img decoding=\"async\" loading=\"lazy\" src=\"http:\/\/www.exalumnosale.org.py\/imagenes\/comision_2008-2010\/nicolas_arce.jpg\" alt=\"\" width=\"60\" height=\"67\" \/><\/td>\n<td><\/td>\n<td height=\"20\"><strong>Pro-secretario:<\/strong> Nicol\u00e1s Arce.<strong> Promoci\u00f3n 1998. <\/strong><\/td>\n<\/tr>\n<tr>\n<td><\/td>\n<td><\/td>\n<td height=\"20\"><\/td>\n<\/tr>\n<tr>\n<td valign=\"top\"><img decoding=\"async\" loading=\"lazy\" src=\"http:\/\/www.exalumnosale.org.py\/imagenes\/comision_2008-2010\/daniel_marti.jpg\" alt=\"\" width=\"60\" height=\"67\" \/><\/td>\n<td><\/td>\n<td height=\"20\"><strong>Tesorero:<\/strong> Jorge Daniel Mart\u00ed Varela. <strong>Promoci\u00f3n 1981.<\/strong> Egresado de la Universidad Cat\u00f3lica. Es socio de la firma Gesti\u00f3n Empresarial, Estudio de Auditor\u00eda y Consultor\u00eda. Actualmente es Secretario del Colegio de Contadores del Paraguay. Asesor del Consejo de Asuntos Econ\u00f3micos del Arzobispado de Asunci\u00f3n. Ex presidente del Centro Monse\u00f1or Bogar\u00edn.<\/td>\n<\/tr>\n<tr>\n<td><\/td>\n<td><\/td>\n<td height=\"20\"><\/td>\n<\/tr>\n<tr>\n<td valign=\"top\"><img decoding=\"async\" loading=\"lazy\" src=\"http:\/\/www.exalumnosale.org.py\/imagenes\/comision_2008-2010\/raul_perez.jpg\" alt=\"\" width=\"60\" height=\"67\" \/><\/td>\n<td><\/td>\n<td height=\"20\"><strong>Pro-tesorero:<\/strong> Ra\u00fal Alberto P\u00e9rez Rosa. <strong>Promoci\u00f3n 1980.<\/strong> Egresado de la Facultad de Arquitectura de la Universidad Nacional de Asunci\u00f3n. Participaci\u00f3n en bienales de Bs. As. &#8211; Santiago.\u00a0Actualmente dedicado\u00a0a la\u00a0actividad profesional en forma particular.<\/td>\n<\/tr>\n<tr>\n<td><\/td>\n<td><\/td>\n<td height=\"20\"><\/td>\n<\/tr>\n<tr>\n<td valign=\"top\"><img decoding=\"async\" loading=\"lazy\" src=\"http:\/\/www.exalumnosale.org.py\/imagenes\/comision_2008-2010\/ramon_gonzalez.jpg\" alt=\"\" width=\"60\" height=\"67\" \/><\/td>\n<td><\/td>\n<td height=\"20\"><strong>S\u00edndico titular:<\/strong> Ram\u00f3n Manuel Gonz\u00e1lez Encina. <strong>Promoci\u00f3n 1994.<\/strong> Contador P\u00fablico Nacional. Egresado de la Universidad Cat\u00f3lica \u00abNuestra Se\u00f1ora de la Asunci\u00f3n\u00bb, a\u00f1o 2000. Trabaj\u00f3 durante 9 a\u00f1os en Financiera Atlas S.A.E.C.A, desempe\u00f1\u00e1ndose como Jefe del Dpto. de Cobranzas. Actualmente trabaja en la empresa Informconf S.A, en el cargo de Ejecutivo Comercial.<\/td>\n<\/tr>\n<tr>\n<td><\/td>\n<td><\/td>\n<td height=\"20\"><\/td>\n<\/tr>\n<tr>\n<td valign=\"top\"><img decoding=\"async\" loading=\"lazy\" src=\"http:\/\/www.exalumnosale.org.py\/imagenes\/comision_2008-2010\/alfredo_noguera.jpg\" alt=\"\" width=\"60\" height=\"67\" \/><\/td>\n<td><\/td>\n<td height=\"20\"><strong>Miembro Titular:<\/strong> Alfredo Ra\u00fal Noguera Vargas. <strong>Promoci\u00f3n 1993.<\/strong> Lic. en Administraci\u00f3n. Egresado de la Universidad Nacional.<\/td>\n<\/tr>\n<tr>\n<td><\/td>\n<td><\/td>\n<td height=\"20\"><\/td>\n<\/tr>\n<tr>\n<td><img decoding=\"async\" loading=\"lazy\" src=\"http:\/\/www.exalumnosale.org.py\/imagenes\/comision_2008-2010\/aldo_martinez.jpg\" alt=\"\" width=\"60\" height=\"67\" \/><\/td>\n<td><\/td>\n<td height=\"20\"><strong>Miembro Titular<\/strong><strong>:<\/strong> Aldo Javier Mart\u00ednez Escurra. <strong>Promoci\u00f3n 1995.<\/strong> Lic. en Dise\u00f1o Gr\u00e1fico. Egresado de la Facultad de Ciencias y Tecnolog\u00eda de la Universidad Cat\u00f3lica \u00abNuestra Se\u00f1ora de la Asunci\u00f3n\u00bb, a\u00f1o 2003. Actualmente trabaja en su propio estudio de dise\u00f1o y comunicaci\u00f3n visual y es docente en la Universidad Columbia del Paraguay en la carrera de Dise\u00f1o Gr\u00e1fico.<\/td>\n<\/tr>\n<tr>\n<td><\/td>\n<td><\/td>\n<td height=\"20\"><\/td>\n<\/tr>\n<tr>\n<td valign=\"top\"><img decoding=\"async\" loading=\"lazy\" src=\"http:\/\/www.exalumnosale.org.py\/imagenes\/comision_2008-2010\/marcelo_rodriguez.jpg\" alt=\"\" width=\"60\" height=\"67\" \/><\/td>\n<td><\/td>\n<td height=\"20\"><strong>Miembro Titular:<\/strong> Marcelo Rodr\u00edguez. <strong>Promoci\u00f3n 1994.<\/strong><\/td>\n<\/tr>\n<tr>\n<td><\/td>\n<td><\/td>\n<td height=\"20\"><\/td>\n<\/tr>\n<tr>\n<td><img decoding=\"async\" loading=\"lazy\" src=\"http:\/\/www.exalumnosale.org.py\/imagenes\/comision_2008-2010\/jorge_bergottini.jpg\" alt=\"\" width=\"60\" height=\"67\" \/><\/td>\n<td><\/td>\n<td height=\"20\"><strong>Miembro Titular<\/strong><strong>:<\/strong> Jorge Bergottini. <strong>Promoci\u00f3n 1992.<\/strong><\/td>\n<\/tr>\n<tr>\n<td><\/td>\n<td><\/td>\n<td height=\"20\"><\/td>\n<\/tr>\n<tr>\n<td valign=\"top\"><img decoding=\"async\" loading=\"lazy\" src=\"http:\/\/www.exalumnosale.org.py\/imagenes\/comision_2008-2010\/daniel_parra.jpg\" alt=\"\" width=\"60\" height=\"67\" \/><\/td>\n<td><\/td>\n<td height=\"20\"><strong>Miembro Suplente:<\/strong> Alcides Daniel Parra Gonz\u00e1lez. <strong>Promoci\u00f3n 1989. <\/strong>Lic. en Ciencias Contables. Egresado de la Facultad de Ciencias Contables y Administrativas de la Universidad Cat\u00f3lica \u00abNuestra Se\u00f1ora de la Asunci\u00f3n\u00bb, a\u00f1o 2000. Actualmente es Socio &#8211; Director de P&amp;A Grupo Consultor y Administrador Financiero de la Organizaci\u00f3n Corazones Abiertos.<\/td>\n<\/tr>\n<tr>\n<td><\/td>\n<td><\/td>\n<td height=\"20\"><\/td>\n<\/tr>\n<tr>\n<td valign=\"top\"><img decoding=\"async\" loading=\"lazy\" src=\"http:\/\/www.exalumnosale.org.py\/imagenes\/comision_2008-2010\/marco_ramirez.jpg\" alt=\"\" width=\"60\" height=\"67\" \/><\/td>\n<td><\/td>\n<td height=\"20\"><strong>Miembro Suplente<\/strong><strong>:<\/strong> Marco Ram\u00edrez. <strong>Promoci\u00f3n 1999.<\/strong><\/td>\n<\/tr>\n<tr>\n<td><\/td>\n<td><\/td>\n<td height=\"20\"><\/td>\n<\/tr>\n<tr>\n<td valign=\"top\"><img decoding=\"async\" loading=\"lazy\" src=\"http:\/\/www.exalumnosale.org.py\/imagenes\/comision_2008-2010\/oscar_llamosas.jpg\" alt=\"\" width=\"60\" height=\"67\" \/><\/td>\n<td><\/td>\n<td height=\"20\"><strong>Miembro Suplente:<\/strong> Oscar Llamosas D\u00edaz. <strong>Promoci\u00f3n 1992.<\/strong> Economista, egresado de la Universidad Nacional de Asunci\u00f3n, a\u00f1o 1998 y Mag\u00edster en Econom\u00eda, egresado de la Universidad Nacional de Tucum\u00e1n &#8211; Argentina, a\u00f1o 2002.<\/td>\n<\/tr>\n<tr>\n<td><\/td>\n<td><\/td>\n<td height=\"20\"><\/td>\n<\/tr>\n<tr>\n<td valign=\"top\"><img decoding=\"async\" loading=\"lazy\" src=\"http:\/\/www.exalumnosale.org.py\/imagenes\/comision_2008-2010\/jose_ocampos.jpg\" alt=\"\" width=\"60\" height=\"67\" \/><\/td>\n<td><\/td>\n<td height=\"20\"><strong>Miembro Suplente<\/strong><strong>:<\/strong> Jos\u00e9 Antonio Ocampos Jim\u00e9nez. <strong>Promoci\u00f3n 1994.<\/strong> Abogado. Notario P\u00fablico. Egresado de la Universidad Nacional. Profesor Auxiliar de \u00abDerecho Diplom\u00e1tico\u00bb 4to. curso Derecho UNA. Abogado de las empresas Censu S.A., Cenda S.A., Censer S.R.L., Centro Repuestos S.A.C.I., Autopiezas S.A., Arasy Org\u00e1nica S.A., Agr\u00edcola KH S.A., Prudencia S.A. de Finanzas, Michelagnoli y Asoc., Apaden Teleton. Ex-presidente del Centro de estudiantes del Colegio Salesianito A\u00f1o 1994. Ex-presidente del Centro de Exalumnos en el per\u00edodo 2006-2008.<\/td>\n<\/tr>\n<tr>\n<td><\/td>\n<td><\/td>\n<td height=\"20\"><\/td>\n<\/tr>\n<tr>\n<td valign=\"top\"><img decoding=\"async\" loading=\"lazy\" src=\"http:\/\/www.exalumnosale.org.py\/imagenes\/comision_2008-2010\/javier_bergottini.jpg\" alt=\"\" width=\"60\" height=\"67\" \/><\/td>\n<td><\/td>\n<td height=\"20\"><strong>Miembro Suplente:<\/strong> Javier Bergottini. <strong>Promoci\u00f3n 2002.<\/strong><\/td>\n<\/tr>\n<tr>\n<td><\/td>\n<td><\/td>\n<td height=\"20\"><\/td>\n<\/tr>\n<tr>\n<td valign=\"top\"><img decoding=\"async\" loading=\"lazy\" src=\"http:\/\/www.exalumnosale.org.py\/imagenes\/comision_2008-2010\/oscar_gibbons.jpg\" alt=\"\" width=\"60\" height=\"67\" \/><\/td>\n<td><\/td>\n<td height=\"20\"><strong>Miembro Suplente:<\/strong> Oscar Gibbons. <strong>Promoci\u00f3n: 2004. <\/strong><\/td>\n<\/tr>\n<tr>\n<td><\/td>\n<td><\/td>\n<td height=\"20\"><\/td>\n<\/tr>\n<tr>\n<td valign=\"top\"><img decoding=\"async\" loading=\"lazy\" src=\"http:\/\/www.exalumnosale.org.py\/imagenes\/comision_2008-2010\/federico_lizza.jpg\" alt=\"\" width=\"60\" height=\"67\" \/><\/td>\n<td><\/td>\n<td height=\"20\"><strong>Miembro Suplente:<\/strong> Federico Lizza. <strong>Promoci\u00f3n 2004.<\/strong><\/td>\n<\/tr>\n<tr>\n<td><\/td>\n<td><\/td>\n<td height=\"20\"><\/td>\n<\/tr>\n<tr>\n<td valign=\"top\"><img decoding=\"async\" loading=\"lazy\" src=\"http:\/\/www.exalumnosale.org.py\/imagenes\/comision_2008-2010\/osvaldo_caceres.jpg\" alt=\"\" width=\"60\" height=\"67\" \/><\/td>\n<td><\/td>\n<td height=\"20\"><strong>Miembro Suplente:<\/strong> Osvaldo C\u00e1ceres. <strong>Promoci\u00f3n: 1990.<\/strong> Egresado de las carreras de Ciencias de la Comunicaci\u00f2n, Derecho y escribano p\u00f9blico de la Universidad Nacional de Asunci\u00f3n<strong>. <\/strong>Actualmente se desempe\u00f1a como Periodista del diario ABC Color y radio \u00d1andut\u00ec. Adem\u00e1s es Profesor de taller de Periodismo del ciclo bachillerato.<strong> <\/strong><\/p>\n<p><strong> <\/strong><\/td>\n<\/tr>\n<tr>\n<td><\/td>\n<td><\/td>\n<td height=\"20\"><\/td>\n<\/tr>\n<tr>\n<td valign=\"top\"><img decoding=\"async\" loading=\"lazy\" src=\"http:\/\/www.exalumnosale.org.py\/imagenes\/comision_2008-2010\/gustavo_lezcano.jpg\" alt=\"\" width=\"60\" height=\"67\" \/><\/td>\n<td><\/td>\n<td height=\"20\"><strong>Miembro Suplente:<\/strong> Gustavo Lezcano. <strong>Promoci\u00f3n 2000.<\/strong><\/td>\n<\/tr>\n<tr>\n<td><\/td>\n<td><\/td>\n<td height=\"20\"><\/td>\n<\/tr>\n<tr>\n<td valign=\"top\"><img decoding=\"async\" loading=\"lazy\" src=\"http:\/\/www.exalumnosale.org.py\/imagenes\/comision_2008-2010\/rene_villalba.jpg\" alt=\"\" width=\"60\" height=\"67\" \/><\/td>\n<td><\/td>\n<td height=\"20\"><strong>Miembro Suplente:<\/strong> Ren\u00e9 Villalba. <strong>Promoci\u00f3n: 2003.<\/strong> <strong> <\/strong><\/p>\n<p><strong> <\/strong><\/td>\n<\/tr>\n<tr>\n<td><\/td>\n<td><\/td>\n<td height=\"20\"><\/td>\n<\/tr>\n<tr>\n<td valign=\"top\"><img decoding=\"async\" loading=\"lazy\" src=\"http:\/\/www.exalumnosale.org.py\/imagenes\/comision_2008-2010\/victor_brugada.jpg\" alt=\"\" width=\"60\" height=\"67\" \/><\/td>\n<td><\/td>\n<td height=\"20\"><strong>Miembro Suplente:<\/strong> V\u00edctor Brugada. <strong>Promoci\u00f3n: 1992.<\/strong> <strong> <\/strong><\/p>\n<p><strong> <\/strong><\/td>\n<\/tr>\n<tr>\n<td width=\"60\"><\/td>\n<td width=\"10\"><\/td>\n<td height=\"20\"><\/td>\n<\/tr>\n<tr>\n<td valign=\"top\"><img decoding=\"async\" loading=\"lazy\" src=\"http:\/\/www.exalumnosale.org.py\/imagenes\/comision_2008-2010\/gustavo_machuca.jpg\" alt=\"\" width=\"60\" height=\"67\" \/><\/td>\n<td><\/td>\n<td height=\"20\"><strong>Miembro Suplente:<\/strong> Gustavo Machuca. <strong>Promoci\u00f3n: 2003.<\/strong> <strong><br \/>\n<\/strong><\/td>\n<\/tr>\n<\/tbody>\n<\/table>\n<\/td>\n<\/tr>\n<\/tbody>\n<\/table>\n","protected":false},"excerpt":{"rendered":"<p>Presidente: Pablo Daniel Arce Pereira. Promoci\u00f3n 1992. Encargado de la organizaci\u00f3n de los torneos de f\u00fatbol de campo y f\u00fatbol 5 en el per\u00edodo 2006-2008. Colabora de manera muy cercana en estas \u00e1reas desde el a\u00f1o 1995. Actualmente trabaja como asesor de ventas en Censu. Vice-Presidente 1\u00ba : Luis Epifanio Rojas Viedma. Promoci\u00f3n 1991. Actualemente [&hellip;]<\/p>\n","protected":false},"author":1,"featured_media":0,"parent":0,"menu_order":0,"comment_status":"open","ping_status":"open","template":"","meta":[],"_links":{"self":[{"href":"https:\/\/exalumnosale.org.py\/blog\/index.php?rest_route=\/wp\/v2\/pages\/7"}],"collection":[{"href":"https:\/\/exalumnosale.org.py\/blog\/index.php?rest_route=\/wp\/v2\/pages"}],"about":[{"href":"https:\/\/exalumnosale.org.py\/blog\/index.php?rest_route=\/wp\/v2\/types\/page"}],"author":[{"embeddable":true,"href":"https:\/\/exalumnosale.org.py\/blog\/index.php?rest_route=\/wp\/v2\/users\/1"}],"replies":[{"embeddable":true,"href":"https:\/\/exalumnosale.org.py\/blog\/index.php?rest_route=%2Fwp%2Fv2%2Fcomments&post=7"}],"version-history":[{"count":3,"href":"https:\/\/exalumnosale.org.py\/blog\/index.php?rest_route=\/wp\/v2\/pages\/7\/revisions"}],"predecessor-version":[{"id":9,"href":"https:\/\/exalumnosale.org.py\/blog\/index.php?rest_route=\/wp\/v2\/pages\/7\/revisions\/9"}],"wp:attachment":[{"href":"https:\/\/exalumnosale.org.py\/blog\/index.php?rest_route=%2Fwp%2Fv2%2Fmedia&parent=7"}],"curies":[{"name":"wp","href":"https:\/\/api.w.org\/{rel}","templated":true}]}}